{"id":3778,"date":"2024-01-30T18:54:26","date_gmt":"2024-01-30T17:54:26","guid":{"rendered":"https:\/\/documentation.bice.org\/contacto\/"},"modified":"2025-03-28T18:31:53","modified_gmt":"2025-03-28T17:31:53","slug":"contacto","status":"publish","type":"page","link":"https:\/\/documentation.bice.org\/es\/contacto\/","title":{"rendered":"Contacto"},"content":{"rendered":"\n<div class=\"wp-block-columns are-vertically-aligned-center is-layout-flex wp-container-core-columns-is-layout-9d6595d7 wp-block-columns-is-layout-flex\">\n<div class=\"wp-block-column is-vertically-aligned-center is-layout-flow wp-block-column-is-layout-flow\"><\/div>\n<\/div>\n\n<div class=\"wp-block-columns is-layout-flex wp-container-core-columns-is-layout-9d6595d7 wp-block-columns-is-layout-flex\">\n<div class=\"wp-block-column is-layout-flow wp-block-column-is-layout-flow\" style=\"flex-basis:60%\">\n<h2 class=\"wp-block-heading has-text-align-center\">Formulario de contacto<\/h2>\n\n\n\n<div class=\"wp-block-contact-form-7-contact-form-selector\">\n<div class=\"wpcf7 no-js\" id=\"wpcf7-f128-o1\" lang=\"fr-FR\" dir=\"ltr\" data-wpcf7-id=\"128\">\n<div class=\"screen-reader-response\"><p role=\"status\" aria-live=\"polite\" aria-atomic=\"true\"><\/p> <ul><\/ul><\/div>\n<form action=\"\/es\/wp-json\/wp\/v2\/pages\/3778#wpcf7-f128-o1\" method=\"post\" class=\"wpcf7-form init\" aria-label=\"Contact form\" novalidate=\"novalidate\" data-status=\"init\">\n<div style=\"display: none;\">\n<input type=\"hidden\" name=\"_wpcf7\" value=\"128\" \/>\n<input type=\"hidden\" name=\"_wpcf7_version\" value=\"6.0.6\" \/>\n<input type=\"hidden\" name=\"_wpcf7_locale\" value=\"fr_FR\" \/>\n<input type=\"hidden\" name=\"_wpcf7_unit_tag\" value=\"wpcf7-f128-o1\" \/>\n<input type=\"hidden\" name=\"_wpcf7_container_post\" value=\"0\" \/>\n<input type=\"hidden\" name=\"_wpcf7_posted_data_hash\" value=\"\" \/>\n<\/div>\n<p><label> Votre nom<br \/>\n<span class=\"wpcf7-form-control-wrap\" data-name=\"your-name\"><input size=\"40\" maxlength=\"400\" class=\"wpcf7-form-control wpcf7-text wpcf7-validates-as-required\" autocomplete=\"name\" aria-required=\"true\" aria-invalid=\"false\" value=\"\" type=\"text\" name=\"your-name\" \/><\/span> <\/label>\n<\/p>\n<p><label> Votre e-mail<br \/>\n<span class=\"wpcf7-form-control-wrap\" data-name=\"your-email\"><input size=\"40\" maxlength=\"400\" class=\"wpcf7-form-control wpcf7-email wpcf7-validates-as-required wpcf7-text wpcf7-validates-as-email\" autocomplete=\"email\" aria-required=\"true\" aria-invalid=\"false\" value=\"\" type=\"email\" name=\"your-email\" \/><\/span> <\/label>\n<\/p>\n<p><label> Objet<br \/>\n<span class=\"wpcf7-form-control-wrap\" data-name=\"your-subject\"><input size=\"40\" maxlength=\"400\" class=\"wpcf7-form-control wpcf7-text wpcf7-validates-as-required\" aria-required=\"true\" aria-invalid=\"false\" value=\"\" type=\"text\" name=\"your-subject\" \/><\/span> <\/label>\n<\/p>\n<p><label> Votre message (facultatif)<br \/>\n<span class=\"wpcf7-form-control-wrap\" data-name=\"your-message\"><textarea cols=\"40\" rows=\"10\" maxlength=\"2000\" class=\"wpcf7-form-control wpcf7-textarea\" aria-invalid=\"false\" name=\"your-message\"><\/textarea><\/span> <\/label>\n<\/p>\n<div class=\"g-recaptcha-wrap\" style=\"padding:10px 0 10px 0\">\n\t<div  class=\"g-recaptcha\" data-sitekey=\"6Le4Mp8kAAAAALaBy12nTK_enN4yx5HV6veGE30c\">\n\t<\/div>\n<\/div>\n<p><span class='wpcf7-form-control-wrap' data-name='aiowps-captcha'><\/span><input class=\"wpcf7-form-control wpcf7-submit has-spinner\" type=\"submit\" value=\"Envoyer\" \/>\n<\/p><div class=\"wpcf7-response-output\" aria-hidden=\"true\"><\/div>\n<\/form>\n<\/div>\n<\/div>\n<\/div>\n\n\n\n<div class=\"wp-block-column is-vertically-aligned-top px-12 is-layout-flow wp-block-column-is-layout-flow\" style=\"flex-basis:40%\">\n<h2 class=\"wp-block-heading\">BICE<\/h2>\n\n\n\n<p><strong>Comunicaci\u00f3n y Relaciones con los Donantes<\/strong><br\/>9 rue du Delta<br\/>75009 Par\u00eds<\/p>\n\n\n\n<p>Tel. (00 33 1) 53 35 01 00<\/p>\n\n\n\n<p><strong>Defensa, Investigaci\u00f3n y Desarrollo<\/strong><br\/>11 rue Butini<br\/>CH-1202 Ginebra<\/p>\n\n\n\n<p>T\u00e9l. (00 41 22) 731 32 48<\/p>\n\n\n\n<iframe src=\"https:\/\/www.google.com\/maps\/embed?pb=!1m18!1m12!1m3!1d2760.7387224786116!2d6.145942777066718!3d46.21565237109617!2m3!1f0!2f0!3f0!3m2!1i1024!2i768!4f13.1!3m3!1m2!1s0x478c6527f9e38685%3A0xd30ea78268228bb3!2sPro%20Bice!5e0!3m2!1sen!2sfr!4v1719228999790!5m2!1sen!2sfr\" style=\"border:0;width:100%;min-height:300px;\" allowfullscreen=\"\" loading=\"lazy\" referrerpolicy=\"no-referrer-when-downgrade\"><\/iframe>\n<\/div>\n<\/div>\n","protected":false},"excerpt":{"rendered":"<p>Formulario de contacto BICE Comunicaci\u00f3n y Relaciones con los Donantes9 rue du Delta75009 Par\u00eds Tel. (00 33 1) 53 35 01 00 Defensa, Investigaci\u00f3n y Desarrollo11 rue ButiniCH-1202 Ginebra T\u00e9l. (00 41 22) 731 32 48<\/p>\n","protected":false},"author":1,"featured_media":3769,"parent":0,"menu_order":0,"comment_status":"closed","ping_status":"closed","template":"","meta":{"_acf_changed":false,"_relevanssi_hide_post":"","_relevanssi_hide_content":"","_relevanssi_pin_for_all":"","_relevanssi_pin_keywords":"","_relevanssi_unpin_keywords":"","_relevanssi_related_keywords":"","_relevanssi_related_include_ids":"","_relevanssi_related_exclude_ids":"","_relevanssi_related_no_append":"","_relevanssi_related_not_related":"","_relevanssi_related_posts":"","_relevanssi_noindex_reason":"","inline_featured_image":false,"footnotes":""},"class_list":["post-3778","page","type-page","status-publish","has-post-thumbnail","hentry"],"acf":[],"yoast_head":"<!-- This site is optimized with the Yoast SEO plugin v25.3 - https:\/\/yoast.com\/wordpress\/plugins\/seo\/ -->\n<title>Contacto - BICE Documentation<\/title>\n<meta name=\"robots\" content=\"index, follow, max-snippet:-1, max-image-preview:large, max-video-preview:-1\" \/>\n<link rel=\"canonical\" href=\"https:\/\/documentation.bice.org\/es\/contacto\/\" \/>\n<meta property=\"og:locale\" content=\"es_ES\" \/>\n<meta property=\"og:type\" content=\"article\" \/>\n<meta property=\"og:title\" content=\"Contacto - BICE Documentation\" \/>\n<meta property=\"og:description\" content=\"Formulario de contacto BICE Comunicaci\u00f3n y Relaciones con los Donantes9 rue du Delta75009 Par\u00eds Tel. (00 33 1) 53 35 01 00 Defensa, Investigaci\u00f3n y Desarrollo11 rue ButiniCH-1202 Ginebra T\u00e9l. (00 41 22) 731 32 48\" \/>\n<meta property=\"og:url\" content=\"https:\/\/documentation.bice.org\/es\/contacto\/\" \/>\n<meta property=\"og:site_name\" content=\"BICE Documentation\" \/>\n<meta property=\"article:modified_time\" content=\"2025-03-28T17:31:53+00:00\" \/>\n<meta property=\"og:image\" content=\"https:\/\/documentation.bice.org\/app\/uploads\/2025\/03\/bice-contact.jpg\" \/>\n\t<meta property=\"og:image:width\" content=\"1680\" \/>\n\t<meta property=\"og:image:height\" content=\"1120\" \/>\n\t<meta property=\"og:image:type\" content=\"image\/jpeg\" \/>\n<meta name=\"twitter:card\" content=\"summary_large_image\" \/>\n<script type=\"application\/ld+json\" class=\"yoast-schema-graph\">{\"@context\":\"https:\/\/schema.org\",\"@graph\":[{\"@type\":\"WebPage\",\"@id\":\"https:\/\/documentation.bice.org\/es\/contacto\/\",\"url\":\"https:\/\/documentation.bice.org\/es\/contacto\/\",\"name\":\"Contacto - BICE Documentation\",\"isPartOf\":{\"@id\":\"https:\/\/documentation.bice.org\/#website\"},\"primaryImageOfPage\":{\"@id\":\"https:\/\/documentation.bice.org\/es\/contacto\/#primaryimage\"},\"image\":{\"@id\":\"https:\/\/documentation.bice.org\/es\/contacto\/#primaryimage\"},\"thumbnailUrl\":\"https:\/\/documentation.bice.org\/app\/uploads\/2025\/03\/bice-contact.jpg\",\"datePublished\":\"2024-01-30T17:54:26+00:00\",\"dateModified\":\"2025-03-28T17:31:53+00:00\",\"breadcrumb\":{\"@id\":\"https:\/\/documentation.bice.org\/es\/contacto\/#breadcrumb\"},\"inLanguage\":\"es-ES\",\"potentialAction\":[{\"@type\":\"ReadAction\",\"target\":[\"https:\/\/documentation.bice.org\/es\/contacto\/\"]}]},{\"@type\":\"ImageObject\",\"inLanguage\":\"es-ES\",\"@id\":\"https:\/\/documentation.bice.org\/es\/contacto\/#primaryimage\",\"url\":\"https:\/\/documentation.bice.org\/app\/uploads\/2025\/03\/bice-contact.jpg\",\"contentUrl\":\"https:\/\/documentation.bice.org\/app\/uploads\/2025\/03\/bice-contact.jpg\",\"width\":1680,\"height\":1120},{\"@type\":\"BreadcrumbList\",\"@id\":\"https:\/\/documentation.bice.org\/es\/contacto\/#breadcrumb\",\"itemListElement\":[{\"@type\":\"ListItem\",\"position\":1,\"name\":\"Accueil\",\"item\":\"https:\/\/documentation.bice.org\/es\/\"},{\"@type\":\"ListItem\",\"position\":2,\"name\":\"Contacto\"}]},{\"@type\":\"WebSite\",\"@id\":\"https:\/\/documentation.bice.org\/#website\",\"url\":\"https:\/\/documentation.bice.org\/\",\"name\":\"BICE Documentation\",\"description\":\"Recursos documentales del BICE\",\"publisher\":{\"@id\":\"https:\/\/documentation.bice.org\/#organization\"},\"potentialAction\":[{\"@type\":\"SearchAction\",\"target\":{\"@type\":\"EntryPoint\",\"urlTemplate\":\"https:\/\/documentation.bice.org\/?s={search_term_string}\"},\"query-input\":{\"@type\":\"PropertyValueSpecification\",\"valueRequired\":true,\"valueName\":\"search_term_string\"}}],\"inLanguage\":\"es-ES\"},{\"@type\":\"Organization\",\"@id\":\"https:\/\/documentation.bice.org\/#organization\",\"name\":\"BICE Documentation\",\"url\":\"https:\/\/documentation.bice.org\/\",\"logo\":{\"@type\":\"ImageObject\",\"inLanguage\":\"es-ES\",\"@id\":\"https:\/\/documentation.bice.org\/#\/schema\/logo\/image\/\",\"url\":\"https:\/\/documentation.bice.org\/app\/uploads\/2024\/01\/bice_logo-e1706631479593.png\",\"contentUrl\":\"https:\/\/documentation.bice.org\/app\/uploads\/2024\/01\/bice_logo-e1706631479593.png\",\"width\":170,\"height\":100,\"caption\":\"BICE Documentation\"},\"image\":{\"@id\":\"https:\/\/documentation.bice.org\/#\/schema\/logo\/image\/\"}}]}<\/script>\n<!-- \/ Yoast SEO plugin. -->","yoast_head_json":{"title":"Contacto - BICE Documentation","robots":{"index":"index","follow":"follow","max-snippet":"max-snippet:-1","max-image-preview":"max-image-preview:large","max-video-preview":"max-video-preview:-1"},"canonical":"https:\/\/documentation.bice.org\/es\/contacto\/","og_locale":"es_ES","og_type":"article","og_title":"Contacto - BICE Documentation","og_description":"Formulario de contacto BICE Comunicaci\u00f3n y Relaciones con los Donantes9 rue du Delta75009 Par\u00eds Tel. (00 33 1) 53 35 01 00 Defensa, Investigaci\u00f3n y Desarrollo11 rue ButiniCH-1202 Ginebra T\u00e9l. (00 41 22) 731 32 48","og_url":"https:\/\/documentation.bice.org\/es\/contacto\/","og_site_name":"BICE Documentation","article_modified_time":"2025-03-28T17:31:53+00:00","og_image":[{"width":1680,"height":1120,"url":"https:\/\/documentation.bice.org\/app\/uploads\/2025\/03\/bice-contact.jpg","type":"image\/jpeg"}],"twitter_card":"summary_large_image","schema":{"@context":"https:\/\/schema.org","@graph":[{"@type":"WebPage","@id":"https:\/\/documentation.bice.org\/es\/contacto\/","url":"https:\/\/documentation.bice.org\/es\/contacto\/","name":"Contacto - BICE Documentation","isPartOf":{"@id":"https:\/\/documentation.bice.org\/#website"},"primaryImageOfPage":{"@id":"https:\/\/documentation.bice.org\/es\/contacto\/#primaryimage"},"image":{"@id":"https:\/\/documentation.bice.org\/es\/contacto\/#primaryimage"},"thumbnailUrl":"https:\/\/documentation.bice.org\/app\/uploads\/2025\/03\/bice-contact.jpg","datePublished":"2024-01-30T17:54:26+00:00","dateModified":"2025-03-28T17:31:53+00:00","breadcrumb":{"@id":"https:\/\/documentation.bice.org\/es\/contacto\/#breadcrumb"},"inLanguage":"es-ES","potentialAction":[{"@type":"ReadAction","target":["https:\/\/documentation.bice.org\/es\/contacto\/"]}]},{"@type":"ImageObject","inLanguage":"es-ES","@id":"https:\/\/documentation.bice.org\/es\/contacto\/#primaryimage","url":"https:\/\/documentation.bice.org\/app\/uploads\/2025\/03\/bice-contact.jpg","contentUrl":"https:\/\/documentation.bice.org\/app\/uploads\/2025\/03\/bice-contact.jpg","width":1680,"height":1120},{"@type":"BreadcrumbList","@id":"https:\/\/documentation.bice.org\/es\/contacto\/#breadcrumb","itemListElement":[{"@type":"ListItem","position":1,"name":"Accueil","item":"https:\/\/documentation.bice.org\/es\/"},{"@type":"ListItem","position":2,"name":"Contacto"}]},{"@type":"WebSite","@id":"https:\/\/documentation.bice.org\/#website","url":"https:\/\/documentation.bice.org\/","name":"BICE Documentation","description":"Recursos documentales del BICE","publisher":{"@id":"https:\/\/documentation.bice.org\/#organization"},"potentialAction":[{"@type":"SearchAction","target":{"@type":"EntryPoint","urlTemplate":"https:\/\/documentation.bice.org\/?s={search_term_string}"},"query-input":{"@type":"PropertyValueSpecification","valueRequired":true,"valueName":"search_term_string"}}],"inLanguage":"es-ES"},{"@type":"Organization","@id":"https:\/\/documentation.bice.org\/#organization","name":"BICE Documentation","url":"https:\/\/documentation.bice.org\/","logo":{"@type":"ImageObject","inLanguage":"es-ES","@id":"https:\/\/documentation.bice.org\/#\/schema\/logo\/image\/","url":"https:\/\/documentation.bice.org\/app\/uploads\/2024\/01\/bice_logo-e1706631479593.png","contentUrl":"https:\/\/documentation.bice.org\/app\/uploads\/2024\/01\/bice_logo-e1706631479593.png","width":170,"height":100,"caption":"BICE Documentation"},"image":{"@id":"https:\/\/documentation.bice.org\/#\/schema\/logo\/image\/"}}]}},"_links":{"self":[{"href":"https:\/\/documentation.bice.org\/es\/wp-json\/wp\/v2\/pages\/3778","targetHints":{"allow":["GET"]}}],"collection":[{"href":"https:\/\/documentation.bice.org\/es\/wp-json\/wp\/v2\/pages"}],"about":[{"href":"https:\/\/documentation.bice.org\/es\/wp-json\/wp\/v2\/types\/page"}],"author":[{"embeddable":true,"href":"https:\/\/documentation.bice.org\/es\/wp-json\/wp\/v2\/users\/1"}],"replies":[{"embeddable":true,"href":"https:\/\/documentation.bice.org\/es\/wp-json\/wp\/v2\/comments?post=3778"}],"version-history":[{"count":1,"href":"https:\/\/documentation.bice.org\/es\/wp-json\/wp\/v2\/pages\/3778\/revisions"}],"predecessor-version":[{"id":3779,"href":"https:\/\/documentation.bice.org\/es\/wp-json\/wp\/v2\/pages\/3778\/revisions\/3779"}],"wp:featuredmedia":[{"embeddable":true,"href":"https:\/\/documentation.bice.org\/es\/wp-json\/wp\/v2\/media\/3769"}],"wp:attachment":[{"href":"https:\/\/documentation.bice.org\/es\/wp-json\/wp\/v2\/media?parent=3778"}],"curies":[{"name":"wp","href":"https:\/\/api.w.org\/{rel}","templated":true}]}}