{"id":3782,"date":"2024-01-30T18:53:58","date_gmt":"2024-01-30T17:53:58","guid":{"rendered":"https:\/\/documentation.bice.org\/sobre\/"},"modified":"2025-03-28T18:32:31","modified_gmt":"2025-03-28T17:32:31","slug":"sobre","status":"publish","type":"page","link":"https:\/\/documentation.bice.org\/es\/sobre\/","title":{"rendered":"Sobre"},"content":{"rendered":"\n<p>Este centro de documentaci\u00f3n del Bureau International Catholique de l&#8217;Enfance (BICE) es un centro de recursos sobre los temas de la educaci\u00f3n, la violencia en todas sus formas, la justicia para los ni\u00f1os y la resiliencia. <\/p>\n\n<p>A lo largo de los a\u00f1os, el BICE ha desarrollado una s\u00f3lida experiencia y unos conocimientos reconocidos en estos \u00e1mbitos. Los proyectos y programas implementados en el seno de su red de miembros sobre estos temas han conducido a la producci\u00f3n de varias herramientas pr\u00e1cticas siguiendo un proceso de capitalizaci\u00f3n y gesti\u00f3n del conocimiento. <\/p>\n\n<p>Este centro de documentaci\u00f3n ofrece recursos relacionados con estos temas. Tambi\u00e9n contiene toda la informaci\u00f3n sobre los cursos de formaci\u00f3n organizados y los materiales elaborados por el BICE y sus organizaciones miembros.<\/p>\n\n<p>Estos recursos internos se complementan con publicaciones pertinentes de los mecanismos de las Naciones Unidas para promover, proteger y supervisar la aplicaci\u00f3n de los derechos del ni\u00f1o, incluidos el Consejo de Derechos Humanos, los \u00f3rganos creados en virtud de tratados, los procedimientos especiales y los organismos de las Naciones Unidas. Tambi\u00e9n incluye documentos elaborados por organizaciones de la sociedad civil.<\/p>\n\n<h2 class=\"wp-block-heading\">Objetivos<\/h2>\n\n<p>El objetivo de este centro de documentaci\u00f3n es :<\/p>\n\n<ul class=\"wp-block-list\">\n<li><strong>Servir de foro de intercambio de conocimientos para aumentar la masa cr\u00edtica en torno a la protecci\u00f3n de los derechos del ni\u00f1o,<\/strong><\/li>\n\n\n\n<li><strong>Fomentar la capitalizaci\u00f3n de experiencias y pr\u00e1cticas,<\/strong><\/li>\n\n\n\n<li><strong>Servir como herramienta de sensibilizaci\u00f3n y presi\u00f3n a nivel local, nacional e internacional, <\/strong><\/li>\n\n\n\n<li><strong>Fomentar la investigaci\u00f3n por parte de instituciones estatales y no estatales, incluidos los centros de investigaci\u00f3n y las universidades,<\/strong><\/li>\n\n\n\n<li><strong>Ofrezca un espacio para la formaci\u00f3n continua.<\/strong><\/li>\n<\/ul>\n\n<p>El BICE y su red de organizaciones miembros est\u00e1n convencidos de que la aplicaci\u00f3n efectiva de la Convenci\u00f3n de las Naciones Unidas sobre los Derechos del Ni\u00f1o y de sus protocolos facultativos, as\u00ed como de otros instrumentos pertinentes, requiere una movilizaci\u00f3n comprometida, una mayor difusi\u00f3n de las normas y est\u00e1ndares y planes de acci\u00f3n dotados de los recursos adecuados.<\/p>\n\n<h2 class=\"wp-block-heading\"><strong>Compartir y difundir conocimientos<\/strong><\/h2>\n\n<p>El centro de documentaci\u00f3n es de libre acceso para las organizaciones miembros de la red del BICE y para las organizaciones de defensa de los derechos del ni\u00f1o. La base de datos tambi\u00e9n est\u00e1 abierta a todas las dem\u00e1s instituciones estatales y no estatales, incluidas las universidades y los centros de investigaci\u00f3n.<\/p>\n\n<p>Este centro de documentaci\u00f3n es tambi\u00e9n una llamada a la acci\u00f3n. A su manera, contribuye a la formaci\u00f3n de los actores para garantizar una mayor eficacia al servicio de los derechos del ni\u00f1o. Ofrece una amplia gama de herramientas para la sensibilizaci\u00f3n, la defensa, la investigaci\u00f3n, el di\u00e1logo, el seguimiento y otras actividades. Tambi\u00e9n es un crisol para celebrar los progresos, por peque\u00f1os que sean, y seguir trabajando con m\u00e1s ah\u00ednco por el respeto, la protecci\u00f3n y el cumplimiento de los derechos del ni\u00f1o.<\/p>\n","protected":false},"excerpt":{"rendered":"<p>Este centro de documentaci\u00f3n del Bureau International Catholique de l&#8217;Enfance (BICE) es un centro de recursos sobre los temas de la educaci\u00f3n, la violencia en todas sus formas, la justicia para los ni\u00f1os y la resiliencia. A lo largo de los a\u00f1os, el BICE ha desarrollado una s\u00f3lida experiencia y unos conocimientos reconocidos en estos &hellip; <a href=\"https:\/\/documentation.bice.org\/es\/sobre\/\">Continua<\/a><\/p>\n","protected":false},"author":1,"featured_media":3773,"parent":0,"menu_order":0,"comment_status":"closed","ping_status":"closed","template":"","meta":{"_acf_changed":false,"_relevanssi_hide_post":"","_relevanssi_hide_content":"","_relevanssi_pin_for_all":"","_relevanssi_pin_keywords":"","_relevanssi_unpin_keywords":"","_relevanssi_related_keywords":"","_relevanssi_related_include_ids":"","_relevanssi_related_exclude_ids":"","_relevanssi_related_no_append":"","_relevanssi_related_not_related":"","_relevanssi_related_posts":"","_relevanssi_noindex_reason":"","inline_featured_image":false,"footnotes":""},"class_list":["post-3782","page","type-page","status-publish","has-post-thumbnail","hentry"],"acf":[],"yoast_head":"<!-- This site is optimized with the Yoast SEO plugin v25.3 - https:\/\/yoast.com\/wordpress\/plugins\/seo\/ -->\n<title>Sobre - BICE Documentation<\/title>\n<meta name=\"robots\" content=\"index, follow, max-snippet:-1, max-image-preview:large, max-video-preview:-1\" \/>\n<link rel=\"canonical\" href=\"https:\/\/documentation.bice.org\/es\/sobre\/\" \/>\n<meta property=\"og:locale\" content=\"es_ES\" \/>\n<meta property=\"og:type\" content=\"article\" \/>\n<meta property=\"og:title\" content=\"Sobre - BICE Documentation\" \/>\n<meta property=\"og:description\" content=\"Este centro de documentaci\u00f3n del Bureau International Catholique de l&#8217;Enfance (BICE) es un centro de recursos sobre los temas de la educaci\u00f3n, la violencia en todas sus formas, la justicia para los ni\u00f1os y la resiliencia. A lo largo de los a\u00f1os, el BICE ha desarrollado una s\u00f3lida experiencia y unos conocimientos reconocidos en estos &hellip; Continua\" \/>\n<meta property=\"og:url\" content=\"https:\/\/documentation.bice.org\/es\/sobre\/\" \/>\n<meta property=\"og:site_name\" content=\"BICE Documentation\" \/>\n<meta property=\"article:modified_time\" content=\"2025-03-28T17:32:31+00:00\" \/>\n<meta property=\"og:image\" content=\"https:\/\/documentation.bice.org\/app\/uploads\/2025\/03\/bice-a-propos.jpg\" \/>\n\t<meta property=\"og:image:width\" content=\"1680\" \/>\n\t<meta property=\"og:image:height\" content=\"1120\" \/>\n\t<meta property=\"og:image:type\" content=\"image\/jpeg\" \/>\n<meta name=\"twitter:card\" content=\"summary_large_image\" \/>\n<meta name=\"twitter:label1\" content=\"Est. reading time\" \/>\n\t<meta name=\"twitter:data1\" content=\"3 minutes\" \/>\n<script type=\"application\/ld+json\" class=\"yoast-schema-graph\">{\"@context\":\"https:\/\/schema.org\",\"@graph\":[{\"@type\":\"WebPage\",\"@id\":\"https:\/\/documentation.bice.org\/es\/sobre\/\",\"url\":\"https:\/\/documentation.bice.org\/es\/sobre\/\",\"name\":\"Sobre - BICE Documentation\",\"isPartOf\":{\"@id\":\"https:\/\/documentation.bice.org\/#website\"},\"primaryImageOfPage\":{\"@id\":\"https:\/\/documentation.bice.org\/es\/sobre\/#primaryimage\"},\"image\":{\"@id\":\"https:\/\/documentation.bice.org\/es\/sobre\/#primaryimage\"},\"thumbnailUrl\":\"https:\/\/documentation.bice.org\/app\/uploads\/2025\/03\/bice-a-propos.jpg\",\"datePublished\":\"2024-01-30T17:53:58+00:00\",\"dateModified\":\"2025-03-28T17:32:31+00:00\",\"breadcrumb\":{\"@id\":\"https:\/\/documentation.bice.org\/es\/sobre\/#breadcrumb\"},\"inLanguage\":\"es-ES\",\"potentialAction\":[{\"@type\":\"ReadAction\",\"target\":[\"https:\/\/documentation.bice.org\/es\/sobre\/\"]}]},{\"@type\":\"ImageObject\",\"inLanguage\":\"es-ES\",\"@id\":\"https:\/\/documentation.bice.org\/es\/sobre\/#primaryimage\",\"url\":\"https:\/\/documentation.bice.org\/app\/uploads\/2025\/03\/bice-a-propos.jpg\",\"contentUrl\":\"https:\/\/documentation.bice.org\/app\/uploads\/2025\/03\/bice-a-propos.jpg\",\"width\":1680,\"height\":1120},{\"@type\":\"BreadcrumbList\",\"@id\":\"https:\/\/documentation.bice.org\/es\/sobre\/#breadcrumb\",\"itemListElement\":[{\"@type\":\"ListItem\",\"position\":1,\"name\":\"Accueil\",\"item\":\"https:\/\/documentation.bice.org\/es\/\"},{\"@type\":\"ListItem\",\"position\":2,\"name\":\"Sobre\"}]},{\"@type\":\"WebSite\",\"@id\":\"https:\/\/documentation.bice.org\/#website\",\"url\":\"https:\/\/documentation.bice.org\/\",\"name\":\"BICE Documentation\",\"description\":\"Recursos documentales del BICE\",\"publisher\":{\"@id\":\"https:\/\/documentation.bice.org\/#organization\"},\"potentialAction\":[{\"@type\":\"SearchAction\",\"target\":{\"@type\":\"EntryPoint\",\"urlTemplate\":\"https:\/\/documentation.bice.org\/?s={search_term_string}\"},\"query-input\":{\"@type\":\"PropertyValueSpecification\",\"valueRequired\":true,\"valueName\":\"search_term_string\"}}],\"inLanguage\":\"es-ES\"},{\"@type\":\"Organization\",\"@id\":\"https:\/\/documentation.bice.org\/#organization\",\"name\":\"BICE Documentation\",\"url\":\"https:\/\/documentation.bice.org\/\",\"logo\":{\"@type\":\"ImageObject\",\"inLanguage\":\"es-ES\",\"@id\":\"https:\/\/documentation.bice.org\/#\/schema\/logo\/image\/\",\"url\":\"https:\/\/documentation.bice.org\/app\/uploads\/2024\/01\/bice_logo-e1706631479593.png\",\"contentUrl\":\"https:\/\/documentation.bice.org\/app\/uploads\/2024\/01\/bice_logo-e1706631479593.png\",\"width\":170,\"height\":100,\"caption\":\"BICE Documentation\"},\"image\":{\"@id\":\"https:\/\/documentation.bice.org\/#\/schema\/logo\/image\/\"}}]}<\/script>\n<!-- \/ Yoast SEO plugin. -->","yoast_head_json":{"title":"Sobre - BICE Documentation","robots":{"index":"index","follow":"follow","max-snippet":"max-snippet:-1","max-image-preview":"max-image-preview:large","max-video-preview":"max-video-preview:-1"},"canonical":"https:\/\/documentation.bice.org\/es\/sobre\/","og_locale":"es_ES","og_type":"article","og_title":"Sobre - BICE Documentation","og_description":"Este centro de documentaci\u00f3n del Bureau International Catholique de l&#8217;Enfance (BICE) es un centro de recursos sobre los temas de la educaci\u00f3n, la violencia en todas sus formas, la justicia para los ni\u00f1os y la resiliencia. A lo largo de los a\u00f1os, el BICE ha desarrollado una s\u00f3lida experiencia y unos conocimientos reconocidos en estos &hellip; Continua","og_url":"https:\/\/documentation.bice.org\/es\/sobre\/","og_site_name":"BICE Documentation","article_modified_time":"2025-03-28T17:32:31+00:00","og_image":[{"width":1680,"height":1120,"url":"https:\/\/documentation.bice.org\/app\/uploads\/2025\/03\/bice-a-propos.jpg","type":"image\/jpeg"}],"twitter_card":"summary_large_image","twitter_misc":{"Est. reading time":"3 minutes"},"schema":{"@context":"https:\/\/schema.org","@graph":[{"@type":"WebPage","@id":"https:\/\/documentation.bice.org\/es\/sobre\/","url":"https:\/\/documentation.bice.org\/es\/sobre\/","name":"Sobre - BICE Documentation","isPartOf":{"@id":"https:\/\/documentation.bice.org\/#website"},"primaryImageOfPage":{"@id":"https:\/\/documentation.bice.org\/es\/sobre\/#primaryimage"},"image":{"@id":"https:\/\/documentation.bice.org\/es\/sobre\/#primaryimage"},"thumbnailUrl":"https:\/\/documentation.bice.org\/app\/uploads\/2025\/03\/bice-a-propos.jpg","datePublished":"2024-01-30T17:53:58+00:00","dateModified":"2025-03-28T17:32:31+00:00","breadcrumb":{"@id":"https:\/\/documentation.bice.org\/es\/sobre\/#breadcrumb"},"inLanguage":"es-ES","potentialAction":[{"@type":"ReadAction","target":["https:\/\/documentation.bice.org\/es\/sobre\/"]}]},{"@type":"ImageObject","inLanguage":"es-ES","@id":"https:\/\/documentation.bice.org\/es\/sobre\/#primaryimage","url":"https:\/\/documentation.bice.org\/app\/uploads\/2025\/03\/bice-a-propos.jpg","contentUrl":"https:\/\/documentation.bice.org\/app\/uploads\/2025\/03\/bice-a-propos.jpg","width":1680,"height":1120},{"@type":"BreadcrumbList","@id":"https:\/\/documentation.bice.org\/es\/sobre\/#breadcrumb","itemListElement":[{"@type":"ListItem","position":1,"name":"Accueil","item":"https:\/\/documentation.bice.org\/es\/"},{"@type":"ListItem","position":2,"name":"Sobre"}]},{"@type":"WebSite","@id":"https:\/\/documentation.bice.org\/#website","url":"https:\/\/documentation.bice.org\/","name":"BICE Documentation","description":"Recursos documentales del BICE","publisher":{"@id":"https:\/\/documentation.bice.org\/#organization"},"potentialAction":[{"@type":"SearchAction","target":{"@type":"EntryPoint","urlTemplate":"https:\/\/documentation.bice.org\/?s={search_term_string}"},"query-input":{"@type":"PropertyValueSpecification","valueRequired":true,"valueName":"search_term_string"}}],"inLanguage":"es-ES"},{"@type":"Organization","@id":"https:\/\/documentation.bice.org\/#organization","name":"BICE Documentation","url":"https:\/\/documentation.bice.org\/","logo":{"@type":"ImageObject","inLanguage":"es-ES","@id":"https:\/\/documentation.bice.org\/#\/schema\/logo\/image\/","url":"https:\/\/documentation.bice.org\/app\/uploads\/2024\/01\/bice_logo-e1706631479593.png","contentUrl":"https:\/\/documentation.bice.org\/app\/uploads\/2024\/01\/bice_logo-e1706631479593.png","width":170,"height":100,"caption":"BICE Documentation"},"image":{"@id":"https:\/\/documentation.bice.org\/#\/schema\/logo\/image\/"}}]}},"_links":{"self":[{"href":"https:\/\/documentation.bice.org\/es\/wp-json\/wp\/v2\/pages\/3782","targetHints":{"allow":["GET"]}}],"collection":[{"href":"https:\/\/documentation.bice.org\/es\/wp-json\/wp\/v2\/pages"}],"about":[{"href":"https:\/\/documentation.bice.org\/es\/wp-json\/wp\/v2\/types\/page"}],"author":[{"embeddable":true,"href":"https:\/\/documentation.bice.org\/es\/wp-json\/wp\/v2\/users\/1"}],"replies":[{"embeddable":true,"href":"https:\/\/documentation.bice.org\/es\/wp-json\/wp\/v2\/comments?post=3782"}],"version-history":[{"count":1,"href":"https:\/\/documentation.bice.org\/es\/wp-json\/wp\/v2\/pages\/3782\/revisions"}],"predecessor-version":[{"id":3783,"href":"https:\/\/documentation.bice.org\/es\/wp-json\/wp\/v2\/pages\/3782\/revisions\/3783"}],"wp:featuredmedia":[{"embeddable":true,"href":"https:\/\/documentation.bice.org\/es\/wp-json\/wp\/v2\/media\/3773"}],"wp:attachment":[{"href":"https:\/\/documentation.bice.org\/es\/wp-json\/wp\/v2\/media?parent=3782"}],"curies":[{"name":"wp","href":"https:\/\/api.w.org\/{rel}","templated":true}]}}